{"id":63,"date":"2020-01-22T12:39:51","date_gmt":"2020-01-22T12:39:51","guid":{"rendered":"https:\/\/alexa-wiegandt.de\/wp_alexa-wiegandt\/?page_id=63"},"modified":"2020-01-22T13:00:09","modified_gmt":"2020-01-22T13:00:09","slug":"impressum","status":"publish","type":"page","link":"https:\/\/alexa-wiegandt.de\/index.php\/impressum\/","title":{"rendered":"Impressum"},"content":{"rendered":"\t\t<div data-elementor-type=\"wp-page\" data-elementor-id=\"63\" class=\"elementor elementor-63\">\n\t\t\t\t\t\t<section class=\"elementor-section elementor-top-section elementor-element elementor-element-1894c97 elementor-section-boxed elementor-section-height-default elementor-section-height-default\" data-id=\"1894c97\" data-element_type=\"section\" data-e-type=\"section\" data-settings=\"{&quot;background_background&quot;:&quot;classic&quot;}\">\n\t\t\t\t\t\t<div class=\"elementor-container elementor-column-gap-default\">\n\t\t\t\t\t<div class=\"elementor-column elementor-col-100 elementor-top-column elementor-element elementor-element-10fceea\" data-id=\"10fceea\" data-element_type=\"column\" data-e-type=\"column\">\n\t\t\t<div class=\"elementor-widget-wrap elementor-element-populated\">\n\t\t\t\t\t\t<div class=\"elementor-element elementor-element-a93d4df elementor-widget elementor-widget-spacer\" data-id=\"a93d4df\" data-element_type=\"widget\" data-e-type=\"widget\" data-widget_type=\"spacer.default\">\n\t\t\t\t<div class=\"elementor-widget-container\">\n\t\t\t\t\t\t\t<div class=\"elementor-spacer\">\n\t\t\t<div class=\"elementor-spacer-inner\"><\/div>\n\t\t<\/div>\n\t\t\t\t\t\t<\/div>\n\t\t\t\t<\/div>\n\t\t\t\t<div class=\"elementor-element elementor-element-8bf5b78 elementor-widget elementor-widget-spacer\" data-id=\"8bf5b78\" data-element_type=\"widget\" data-e-type=\"widget\" data-widget_type=\"spacer.default\">\n\t\t\t\t<div class=\"elementor-widget-container\">\n\t\t\t\t\t\t\t<div class=\"elementor-spacer\">\n\t\t\t<div class=\"elementor-spacer-inner\"><\/div>\n\t\t<\/div>\n\t\t\t\t\t\t<\/div>\n\t\t\t\t<\/div>\n\t\t\t\t<div class=\"elementor-element elementor-element-73596e6 elementor-widget elementor-widget-heading\" data-id=\"73596e6\" data-element_type=\"widget\" data-e-type=\"widget\" data-widget_type=\"heading.default\">\n\t\t\t\t<div class=\"elementor-widget-container\">\n\t\t\t\t\t<h1 class=\"elementor-heading-title elementor-size-default\">Impressum<\/h1>\t\t\t\t<\/div>\n\t\t\t\t<\/div>\n\t\t\t\t<div class=\"elementor-element elementor-element-48a8c54 elementor-widget-divider--view-line elementor-widget elementor-widget-divider\" data-id=\"48a8c54\" data-element_type=\"widget\" data-e-type=\"widget\" data-widget_type=\"divider.default\">\n\t\t\t\t<div class=\"elementor-widget-container\">\n\t\t\t\t\t\t\t<div class=\"elementor-divider\">\n\t\t\t<span class=\"elementor-divider-separator\">\n\t\t\t\t\t\t<\/span>\n\t\t<\/div>\n\t\t\t\t\t\t<\/div>\n\t\t\t\t<\/div>\n\t\t\t\t\t<\/div>\n\t\t<\/div>\n\t\t\t\t\t<\/div>\n\t\t<\/section>\n\t\t\t\t<section class=\"elementor-section elementor-top-section elementor-element elementor-element-76a33be8 elementor-section-boxed elementor-section-height-default elementor-section-height-default\" data-id=\"76a33be8\" data-element_type=\"section\" data-e-type=\"section\" data-settings=\"{&quot;background_background&quot;:&quot;classic&quot;}\">\n\t\t\t\t\t\t<div class=\"elementor-container elementor-column-gap-default\">\n\t\t\t\t\t<div class=\"elementor-column elementor-col-50 elementor-top-column elementor-element elementor-element-5bd9b3c5\" data-id=\"5bd9b3c5\" data-element_type=\"column\" data-e-type=\"column\">\n\t\t\t<div class=\"elementor-widget-wrap elementor-element-populated\">\n\t\t\t\t\t\t<div class=\"elementor-element elementor-element-2f74a8e7 elementor-widget elementor-widget-text-editor\" data-id=\"2f74a8e7\" data-element_type=\"widget\" data-e-type=\"widget\" data-widget_type=\"text-editor.default\">\n\t\t\t\t<div class=\"elementor-widget-container\">\n\t\t\t\t\t\t\t\t\t<div id=\"sppb-addon-1542207082230\" class=\"clearfix\"><div class=\"sppb-addon sppb-addon-text-block 0  \"><div class=\"sppb-addon-content\"><h6>VERANTWORTLICH F\u00dcR DEN INHALT<\/h6><p>Alexa Wiegandt<br \/>c\/o Marc Rosenberg<br \/>Gleichmannstrasse 7<br \/>81241 M\u00fcnchen<br \/><br \/>Steuernummer:<br \/><br \/>Finanzamt Berlin f\u00fcr K\u00f6rperschaften II Amtsgericht Charlottenburg HRB<\/p><\/div><\/div><\/div><div id=\"sppb-addon-1551361022875\" class=\"clearfix\"><div class=\"sppb-addon sppb-addon-text-block 0  \"><div class=\"sppb-addon-content\"><h6>VERANTWORTLICH F\u00dcR DEN INHALT<\/h6><p>Alexa Wiegandt c\/o Marc Rosenberg Gleichmannstrasse 7 81241 M\u00fcnchen Steuernummer: Finanzamt Berlin f\u00fcr K\u00f6rperschaften II Amtsgericht Charlottenburg HRB<\/p><\/div><\/div><\/div><div id=\"sppb-addon-1542207082244\" class=\"clearfix\"><div class=\"sppb-addon sppb-addon-text-block 0  \"><div class=\"sppb-addon-content\"><h6>HAFTUNGSHINWEISE<\/h6>Trotz sorgf\u00e4ltiger inhaltlicher Kontrolle \u00fcbernehmen wir keine Haftung f\u00fcr die Inhalte externer Links. F\u00fcr die Inhalte verlinkter Seiten sind ausschlie\u00dflich deren Betreiber verantwortlich.<br \/>Eine Haftung oder Garantie f\u00fcr die Vollst\u00e4ndigkeit oder Aktualit\u00e4t der auf dieser Seite zur Verf\u00fcgung gestellten Informationen ist ausgeschlossen. Alle Angaben sind ohne Gew\u00e4hr.<\/div><\/div><\/div>\t\t\t\t\t\t\t\t<\/div>\n\t\t\t\t<\/div>\n\t\t\t\t<div class=\"elementor-element elementor-element-a2498e9 elementor-widget elementor-widget-spacer\" data-id=\"a2498e9\" data-element_type=\"widget\" data-e-type=\"widget\" data-widget_type=\"spacer.default\">\n\t\t\t\t<div class=\"elementor-widget-container\">\n\t\t\t\t\t\t\t<div class=\"elementor-spacer\">\n\t\t\t<div class=\"elementor-spacer-inner\"><\/div>\n\t\t<\/div>\n\t\t\t\t\t\t<\/div>\n\t\t\t\t<\/div>\n\t\t\t\t\t<\/div>\n\t\t<\/div>\n\t\t\t\t<div class=\"elementor-column elementor-col-50 elementor-top-column elementor-element elementor-element-6cb03bce\" data-id=\"6cb03bce\" data-element_type=\"column\" data-e-type=\"column\">\n\t\t\t<div class=\"elementor-widget-wrap elementor-element-populated\">\n\t\t\t\t\t\t<div class=\"elementor-element elementor-element-73bf293 elementor-widget elementor-widget-text-editor\" data-id=\"73bf293\" data-element_type=\"widget\" data-e-type=\"widget\" data-widget_type=\"text-editor.default\">\n\t\t\t\t<div class=\"elementor-widget-container\">\n\t\t\t\t\t\t\t\t\t<div id=\"sppb-addon-1542207082237\" class=\"clearfix\"><div class=\"sppb-addon sppb-addon-text-block 0 \"><div class=\"sppb-addon-content\"><h6>KONTAKT<\/h6><p>Marc Rosenberg<br \/>Gleichmannstrasse 7<br \/>81241 M\u00fcnchen<br \/>Telefon +49 (0) 89 \/ 820 200 66<br \/>Fax +49 (0) 89 \/ 835 248<\/p><p>ZAV Berlin<br \/>Friedrichstr. 39<br \/>10969 Berlin<br \/>Telefon +49 (0) 30 \/ 55 55 99 66 62<br \/>Fax +49 (0) 30 \/ 55 55 99 68 39<\/p><\/div><\/div><\/div><div id=\"sppb-addon-1542207082249\" class=\"clearfix\"><div class=\"sppb-addon sppb-addon-text-block 0 \"><div class=\"sppb-addon-content\"><h6>COPYRIGHT<\/h6><p>Alle auf diesen Internetseiten zur Verf\u00fcgung gestellten Bilder, Videodateien und Grafiken sind urheberrechtlich gesch\u00fctzt. Jede \u00fcber den privaten Gebrauch hinausgehende Verbreitung und Vervielf\u00e4ltigung bedarf der ausdr\u00fccklichen Genehmigung durch den verantwortlichen Betreiber, bzw. den genannten Urheber. Dies gilt auch f\u00fcr die Ver\u00f6ffentlichung auf privaten Internetseiten.<\/p><\/div><\/div><\/div>\t\t\t\t\t\t\t\t<\/div>\n\t\t\t\t<\/div>\n\t\t\t\t\t<\/div>\n\t\t<\/div>\n\t\t\t\t\t<\/div>\n\t\t<\/section>\n\t\t\t\t<section class=\"elementor-section elementor-top-section elementor-element elementor-element-423c917 elementor-section-boxed elementor-section-height-default elementor-section-height-default\" data-id=\"423c917\" data-element_type=\"section\" data-e-type=\"section\">\n\t\t\t\t\t\t<div class=\"elementor-container elementor-column-gap-default\">\n\t\t\t\t\t<div class=\"elementor-column elementor-col-100 elementor-top-column elementor-element elementor-element-ac0c441\" data-id=\"ac0c441\" data-element_type=\"column\" data-e-type=\"column\">\n\t\t\t<div class=\"elementor-widget-wrap\">\n\t\t\t\t\t\t\t<\/div>\n\t\t<\/div>\n\t\t\t\t\t<\/div>\n\t\t<\/section>\n\t\t\t\t<\/div>\n\t\t","protected":false},"excerpt":{"rendered":"<p>Impressum VERANTWORTLICH F\u00dcR DEN INHALT Alexa Wiegandtc\/o Marc RosenbergGleichmannstrasse 781241 M\u00fcnchen Steuernummer: Finanzamt Berlin f\u00fcr K\u00f6rperschaften II Amtsgericht Charlottenburg HRB VERANTWORTLICH F\u00dcR DEN INHALT Alexa Wiegandt c\/o Marc Rosenberg Gleichmannstrasse 7 81241 M\u00fcnchen Steuernummer: Finanzamt Berlin f\u00fcr K\u00f6rperschaften II Amtsgericht Charlottenburg HRB HAFTUNGSHINWEISE Trotz sorgf\u00e4ltiger inhaltlicher Kontrolle \u00fcbernehmen wir keine Haftung f\u00fcr die Inhalte externer [&hellip;]<\/p>\n","protected":false},"author":1,"featured_media":0,"parent":0,"menu_order":0,"comment_status":"closed","ping_status":"closed","template":"","meta":{"ocean_post_layout":"full-screen","ocean_both_sidebars_style":"","ocean_both_sidebars_content_width":0,"ocean_both_sidebars_sidebars_width":0,"ocean_sidebar":"0","ocean_second_sidebar":"0","ocean_disable_margins":"enable","ocean_add_body_class":"","ocean_shortcode_before_top_bar":"","ocean_shortcode_after_top_bar":"","ocean_shortcode_before_header":"","ocean_shortcode_after_header":"","ocean_has_shortcode":"","ocean_shortcode_after_title":"","ocean_shortcode_before_footer_widgets":"","ocean_shortcode_after_footer_widgets":"","ocean_shortcode_before_footer_bottom":"","ocean_shortcode_after_footer_bottom":"","ocean_display_top_bar":"default","ocean_display_header":"default","ocean_header_style":"","ocean_center_header_left_menu":"0","ocean_custom_header_template":"0","ocean_custom_logo":0,"ocean_custom_retina_logo":0,"ocean_custom_logo_max_width":0,"ocean_custom_logo_tablet_max_width":0,"ocean_custom_logo_mobile_max_width":0,"ocean_custom_logo_max_height":0,"ocean_custom_logo_tablet_max_height":0,"ocean_custom_logo_mobile_max_height":0,"ocean_header_custom_menu":"0","ocean_menu_typo_font_family":"0","ocean_menu_typo_font_subset":"","ocean_menu_typo_font_size":0,"ocean_menu_typo_font_size_tablet":0,"ocean_menu_typo_font_size_mobile":0,"ocean_menu_typo_font_size_unit":"px","ocean_menu_typo_font_weight":"","ocean_menu_typo_font_weight_tablet":"","ocean_menu_typo_font_weight_mobile":"","ocean_menu_typo_transform":"","ocean_menu_typo_transform_tablet":"","ocean_menu_typo_transform_mobile":"","ocean_menu_typo_line_height":0,"ocean_menu_typo_line_height_tablet":0,"ocean_menu_typo_line_height_mobile":0,"ocean_menu_typo_line_height_unit":"","ocean_menu_typo_spacing":0,"ocean_menu_typo_spacing_tablet":0,"ocean_menu_typo_spacing_mobile":0,"ocean_menu_typo_spacing_unit":"","ocean_menu_link_color":"","ocean_menu_link_color_hover":"","ocean_menu_link_color_active":"","ocean_menu_link_background":"","ocean_menu_link_hover_background":"","ocean_menu_link_active_background":"","ocean_menu_social_links_bg":"","ocean_menu_social_hover_links_bg":"","ocean_menu_social_links_color":"","ocean_menu_social_hover_links_color":"","ocean_disable_title":"on","ocean_disable_heading":"default","ocean_post_title":"","ocean_post_subheading":"","ocean_post_title_style":"","ocean_post_title_background_color":"","ocean_post_title_background":0,"ocean_post_title_bg_image_position":"","ocean_post_title_bg_image_attachment":"","ocean_post_title_bg_image_repeat":"","ocean_post_title_bg_image_size":"","ocean_post_title_height":0,"ocean_post_title_bg_overlay":0.5,"ocean_post_title_bg_overlay_color":"","ocean_disable_breadcrumbs":"default","ocean_breadcrumbs_color":"","ocean_breadcrumbs_separator_color":"","ocean_breadcrumbs_links_color":"","ocean_breadcrumbs_links_hover_color":"","ocean_display_footer_widgets":"default","ocean_display_footer_bottom":"default","ocean_custom_footer_template":"0","footnotes":""},"class_list":["post-63","page","type-page","status-publish","hentry","entry"],"_links":{"self":[{"href":"https:\/\/alexa-wiegandt.de\/index.php\/wp-json\/wp\/v2\/pages\/63","targetHints":{"allow":["GET"]}}],"collection":[{"href":"https:\/\/alexa-wiegandt.de\/index.php\/wp-json\/wp\/v2\/pages"}],"about":[{"href":"https:\/\/alexa-wiegandt.de\/index.php\/wp-json\/wp\/v2\/types\/page"}],"author":[{"embeddable":true,"href":"https:\/\/alexa-wiegandt.de\/index.php\/wp-json\/wp\/v2\/users\/1"}],"replies":[{"embeddable":true,"href":"https:\/\/alexa-wiegandt.de\/index.php\/wp-json\/wp\/v2\/comments?post=63"}],"version-history":[{"count":11,"href":"https:\/\/alexa-wiegandt.de\/index.php\/wp-json\/wp\/v2\/pages\/63\/revisions"}],"predecessor-version":[{"id":76,"href":"https:\/\/alexa-wiegandt.de\/index.php\/wp-json\/wp\/v2\/pages\/63\/revisions\/76"}],"wp:attachment":[{"href":"https:\/\/alexa-wiegandt.de\/index.php\/wp-json\/wp\/v2\/media?parent=63"}],"curies":[{"name":"wp","href":"https:\/\/api.w.org\/{rel}","templated":true}]}}